{"id":262,"date":"2025-11-13T16:30:10","date_gmt":"2025-11-13T15:30:10","guid":{"rendered":"https:\/\/patentgate.eu\/felhasznalasi-feltetelek\/"},"modified":"2025-11-26T15:06:12","modified_gmt":"2025-11-26T14:06:12","slug":"podmienky-pouzivania","status":"publish","type":"page","link":"https:\/\/patentgate.eu\/sk\/podmienky-pouzivania\/","title":{"rendered":"Podmienky pou\u017e\u00edvania"},"content":{"rendered":"<div id=\"pl-262\"  class=\"panel-layout\" ><div id=\"pg-262-0\"  class=\"panel-grid panel-has-style\"  style=\"margin-bottom: px\" ><div class=\"panel-row-style panel-row-style-for-262-0\" ><div id=\"pgc-262-0-0\"  class=\"panel-grid-cell\" ><div id=\"panel-262-0-0-0\" class=\"so-panel widget widget_ndm-headings panel-first-child panel-last-child\" data-index=\"0\" ><div\n\t\t\t\n\t\t\tclass=\"so-widget-ndm-headings so-widget-ndm-headings-default-d75171398898-262\"\n\t\t\t\n\t\t><h2 class=\"ndm-heading text-start text-lightblue mb-2\">Licen\u010dn\u00e1 zmluva na softv\u00e9r<\/h2><\/div><\/div><\/div><\/div><\/div><div id=\"pg-262-1\"  class=\"panel-grid panel-has-style\"  style=\"margin-bottom: px\" ><div class=\"panel-row-style panel-row-style-for-262-1\" ><div id=\"pgc-262-1-0\"  class=\"panel-grid-cell\" ><div id=\"panel-262-1-0-0\" class=\"so-panel widget widget_ndm-headings panel-first-child\" data-index=\"1\" style=\"margin-bottom: px\" ><div\n\t\t\t\n\t\t\tclass=\"so-widget-ndm-headings so-widget-ndm-headings-default-d75171398898-262\"\n\t\t\t\n\t\t><h3 class=\"ndm-heading text-start text-darkblue mb-2\">1. Prijatie a platnos\u0165\u0171<\/h3><\/div><\/div><div id=\"panel-262-1-0-1\" class=\"so-panel widget widget_sow-editor panel-last-child\" data-index=\"2\" ><div\n\t\t\t\n\t\t\tclass=\"so-widget-sow-editor so-widget-sow-editor-base\"\n\t\t\t\n\t\t>\n<div class=\"siteorigin-widget-tinymce textwidget\">\n\t<p>Pou\u017e\u00edvanie softv\u00e9ru pou\u017e\u00edvate\u013eom sa pova\u017euje za automatick\u00fd s\u00fahlas s podmienkami a ustanoveniami tejto dohody. Pou\u017e\u00edvate\u013e je povinn\u00fd dodr\u017eiava\u0165 tieto podmienky po\u010das cel\u00e9ho obdobia pou\u017e\u00edvania softv\u00e9ru.<\/p>\n<p>T\u00e1to dohoda nadob\u00fada \u00fa\u010dinnos\u0165 d\u0148om jej podpisu oboma zmluvn\u00fdmi stranami.<\/p>\n<p>Dohoda zost\u00e1va v platnosti po\u010das trvania zmluvy o fyzickej str\u00e1\u017enej slu\u017ebe medzi poskytovate\u013eom a pou\u017e\u00edvate\u013eom. Po ukon\u010den\u00ed zmluvy m\u00e1 pou\u017e\u00edvate\u013e e\u0161te po dobu 180 dn\u00ed mo\u017enos\u0165 nahliada\u0165 do \u00fadajov vytvoren\u00fdch po\u010das pou\u017e\u00edvania softv\u00e9ru a tieto \u00fadaje si stiahnu\u0165, av\u0161ak v\u00fdlu\u010dne s pr\u00edstupom na \u010d\u00edtanie (bez mo\u017enosti ich \u00fapravy).<\/p>\n<\/div>\n<\/div><\/div><\/div><\/div><\/div><div id=\"pg-262-2\"  class=\"panel-grid panel-has-style\"  style=\"margin-bottom: px\" ><div class=\"panel-row-style panel-row-style-for-262-2\" ><div id=\"pgc-262-2-0\"  class=\"panel-grid-cell\" ><div id=\"panel-262-2-0-0\" class=\"so-panel widget widget_ndm-headings panel-first-child\" data-index=\"3\" style=\"margin-bottom: px\" ><div\n\t\t\t\n\t\t\tclass=\"so-widget-ndm-headings so-widget-ndm-headings-default-d75171398898-262\"\n\t\t\t\n\t\t><h3 class=\"ndm-heading text-start text-darkblue mb-2\">2. Opis slu\u017eby<\/h3><\/div><\/div><div id=\"panel-262-2-0-1\" class=\"so-panel widget widget_sow-editor panel-last-child\" data-index=\"4\" ><div\n\t\t\t\n\t\t\tclass=\"so-widget-sow-editor so-widget-sow-editor-base\"\n\t\t\t\n\t\t>\n<div class=\"siteorigin-widget-tinymce textwidget\">\n\t<p>Softv\u00e9r je port\u00e1lov\u00fd syst\u00e9m na spr\u00e1vu pr\u00edstupov\u00fdch bodov v prev\u00e1dzkov\u00fdch objektoch, zalo\u017een\u00fd na rolovej a modul\u00e1rnej architekt\u00fare, ur\u010den\u00fd na digitaliz\u00e1ciu v\u0161etk\u00fdch \u010dinnost\u00ed s\u00favisiacich s pr\u00edstupov\u00fdmi miestami v r\u00e1mci prev\u00e1dzok. Hlavn\u00e9 moduly zah\u0155\u0148aj\u00fa:<br \/>\ndigit\u00e1lne odovzd\u00e1vanie slu\u017eieb, kontrolu hliadok, spr\u00e1vu k\u013e\u00fa\u010dov, elektronick\u00fa protokol\u00e1ciu, kontrolu vstupu a v\u00fdstupu os\u00f4b a vozidiel, pl\u00e1novanie n\u00e1v\u0161tev, spr\u00e1vu slu\u017eieb, evidenciu dod\u00e1vok tovaru, logistick\u00e9 riadenie, ako aj doplnkov\u00e9 roz\u0161iruj\u00face moduly.<\/p>\n<p><strong>Infrastrukt\u00fara:<br \/>\n<\/strong>Softv\u00e9r je poskytovan\u00fd prostredn\u00edctvom cloudovej platformy poskytovate\u013ea. Pou\u017e\u00edvate\u013e k nemu pristupuje prostredn\u00edctvom prehliada\u010da zalo\u017een\u00e9ho na technol\u00f3gii Chromium bez potreby in\u0161tal\u00e1cie alebo prev\u00e1dzky softv\u00e9ru na vlastn\u00fdch serveroch. Za zabezpe\u010denie internetov\u00e9ho pripojenia zodpoved\u00e1 pou\u017e\u00edvate\u013e. (Alternat\u00edvne m\u00f4\u017ee poskytovate\u013e zabezpe\u010di\u0165 mobiln\u00e9 internetov\u00e9 pripojenie.)<\/p>\n<p><strong>Poskytovatelia hostingu:<\/strong><\/p>\n<ul class=\"privacy-ul\">\n<li><strong>Rackforest Zrt.<\/strong>\u00a0(certifikovan\u00fd pod\u013ea noriem ISO\/IEC 27001 a ISO 9001),<\/li>\n<li><strong>DigitalOcean Holdings<\/strong>\u00a0(serverov\u00e9 lokality v r\u00e1mci E\u00da).<\/li>\n<\/ul>\n<\/div>\n<\/div><\/div><\/div><\/div><\/div><div id=\"pg-262-3\"  class=\"panel-grid panel-has-style\"  style=\"margin-bottom: px\" ><div class=\"panel-row-style panel-row-style-for-262-3\" ><div id=\"pgc-262-3-0\"  class=\"panel-grid-cell\" ><div id=\"panel-262-3-0-0\" class=\"so-panel widget widget_ndm-headings panel-first-child\" data-index=\"5\" style=\"margin-bottom: px\" ><div\n\t\t\t\n\t\t\tclass=\"so-widget-ndm-headings so-widget-ndm-headings-default-d75171398898-262\"\n\t\t\t\n\t\t><h3 class=\"ndm-heading text-start text-darkblue mb-2\">3. Dostupnos\u0165, pr\u00edstupnos\u0165 a technick\u00e1 podpora produktu<\/h3><\/div><\/div><div id=\"panel-262-3-0-1\" class=\"so-panel widget widget_sow-editor panel-last-child\" data-index=\"6\" ><div\n\t\t\t\n\t\t\tclass=\"so-widget-sow-editor so-widget-sow-editor-base\"\n\t\t\t\n\t\t>\n<div class=\"siteorigin-widget-tinymce textwidget\">\n\t<p>Softv\u00e9r je dostupn\u00fd na adrese:\u00a0<a href=\"https:\/\/gate.patentapp.eu\/\" rel=\"nofollow noopener\" target=\"_blank\">https:\/\/gate.patentapp.eu<\/a><\/p>\n<p>Poskytovate\u013e garantuje dostupnos\u0165 softv\u00e9ru na \u00farovni 99,9 %, s v\u00fdnimkou pl\u00e1novan\u00fdch odst\u00e1vok vopred dohodnut\u00fdch s pou\u017e\u00edvate\u013eom.<\/p>\n<p><strong>Kontakt na technick\u00fa podporu softv\u00e9ru:<br \/>\n<\/strong>E-mail:\u00a0<a href=\"mailto:gatesupport@patentcsoport.hu\">gatesupport@patentcsoport.hu<\/a><\/p>\n<p><strong>\u010cas podpory:<\/strong><\/p>\n<ul class=\"privacy-ul\">\n<li>Po\u010das pracovnej doby (8:00 \u2013 16:00): odpove\u010f do 2 hod\u00edn<\/li>\n<li>Mimo pracovnej doby: odpove\u010f do 8 hod\u00edn v pr\u00edpade kritick\u00fdch ch\u00fdb<\/li>\n<\/ul>\n<p><strong>Podporn\u00e9 slu\u017eby:<\/strong><\/p>\n<ul class=\"privacy-ul\">\n<li>1. Registr\u00e1cia pou\u017e\u00edvate\u013eov a konfigur\u00e1cie pod\u013ea konkr\u00e9tneho pracoviska<\/li>\n<li>2. Odstra\u0148ovanie ch\u00fdb<\/li>\n<li>3. Podpora pri pou\u017e\u00edvan\u00ed port\u00e1lu Patent Gate (\u201eHelpdesk\u201c)<\/li>\n<li>4. Odpor\u00fa\u010dania a prezent\u00e1cie existuj\u00facich alebo nov\u00fdch funkci\u00ed<\/li>\n<li>5. Otvorenos\u0165 vo\u010di individu\u00e1lnym n\u00e1vrhom na v\u00fdvoj<\/li>\n<\/ul>\n<p><strong>Po ukon\u010den\u00ed zmluvy:<br \/>\n<\/strong>Po\u010das 180-d\u0148ovej lehoty s pr\u00edstupom iba na \u010d\u00edtanie je podpora obmedzen\u00e1 na odstra\u0148ovanie ch\u00fdb a dostupn\u00e1 po\u010das pracovn\u00fdch dn\u00ed od 8:00 do 16:00.<\/p>\n<\/div>\n<\/div><\/div><\/div><\/div><\/div><div id=\"pg-262-4\"  class=\"panel-grid panel-has-style\"  style=\"margin-bottom: px\" ><div class=\"panel-row-style panel-row-style-for-262-4\" ><div id=\"pgc-262-4-0\"  class=\"panel-grid-cell\" ><div id=\"panel-262-4-0-0\" class=\"so-panel widget widget_ndm-headings panel-first-child\" data-index=\"7\" style=\"margin-bottom: px\" ><div\n\t\t\t\n\t\t\tclass=\"so-widget-ndm-headings so-widget-ndm-headings-default-d75171398898-262\"\n\t\t\t\n\t\t><h3 class=\"ndm-heading text-start text-darkblue mb-2\">4. Podmienky pou\u017e\u00edvania softv\u00e9ru<\/h3><\/div><\/div><div id=\"panel-262-4-0-1\" class=\"so-panel widget widget_sow-editor panel-last-child\" data-index=\"8\" ><div\n\t\t\t\n\t\t\tclass=\"so-widget-sow-editor so-widget-sow-editor-base\"\n\t\t\t\n\t\t>\n<div class=\"siteorigin-widget-tinymce textwidget\">\n\t<p>Prostriedky potrebn\u00e9 na pou\u017e\u00edvanie softv\u00e9ru (po\u010d\u00edta\u010d, pr\u00edstup na internet, prehliada\u010d zalo\u017een\u00fd na technol\u00f3gii Chromium) zabezpe\u010duje pou\u017e\u00edvate\u013e. Softv\u00e9r sa pou\u017e\u00edva prostredn\u00edctvom internetu.<\/p>\n<p>Pou\u017e\u00edvate\u013e smie softv\u00e9r vyu\u017e\u00edva\u0165 v\u00fdhradne v r\u00e1mci svojich pracovn\u00fdch \u00faloh a v r\u00e1mci svojej organiz\u00e1cie. Pou\u017e\u00edvanie softv\u00e9ru tret\u00edmi stranami je zak\u00e1zan\u00e9, pokia\u013e tieto osoby nie s\u00fa s pou\u017e\u00edvate\u013eom v pracovnopr\u00e1vnom alebo obdobnom zmluvnom vz\u0165ahu.<\/p>\n<\/div>\n<\/div><\/div><\/div><\/div><\/div><div id=\"pg-262-5\"  class=\"panel-grid panel-has-style\"  style=\"margin-bottom: px\" ><div class=\"panel-row-style panel-row-style-for-262-5\" ><div id=\"pgc-262-5-0\"  class=\"panel-grid-cell\" ><div id=\"panel-262-5-0-0\" class=\"so-panel widget widget_ndm-headings panel-first-child\" data-index=\"9\" style=\"margin-bottom: px\" ><div\n\t\t\t\n\t\t\tclass=\"so-widget-ndm-headings so-widget-ndm-headings-default-d75171398898-262\"\n\t\t\t\n\t\t><h3 class=\"ndm-heading text-start text-darkblue mb-2\">5. Zodpovednos\u0165 a n\u00e1hrada \u0161kody<\/h3><\/div><\/div><div id=\"panel-262-5-0-1\" class=\"so-panel widget widget_sow-editor panel-last-child\" data-index=\"10\" ><div\n\t\t\t\n\t\t\tclass=\"so-widget-sow-editor so-widget-sow-editor-base\"\n\t\t\t\n\t\t>\n<div class=\"siteorigin-widget-tinymce textwidget\">\n\t<p>Obe zmluvn\u00e9 strany sa zav\u00e4zuj\u00fa navz\u00e1jom bezodkladne informova\u0165 o skuto\u010dnostiach, ktor\u00e9 by mohli ohrozi\u0165 riadne poskytovanie slu\u017eieb.<\/p>\n<p>Pou\u017e\u00edvate\u013e sa zav\u00e4zuje informova\u0165 v\u0161etky osoby, ktor\u00e9 po\u010das trvania zmluvy o fyzickej str\u00e1\u017enej slu\u017ebe pracuj\u00fa so softv\u00e9rom, o obsahu tejto dohody.<\/p>\n<p>Pou\u017e\u00edvate\u013e nesie zodpovednos\u0165 za to, aby poskytovate\u013ea pred uzavret\u00edm zmluvy informoval o v\u0161etk\u00fdch relevantn\u00fdch okolnostiach v r\u00e1mci svojej sf\u00e9ry vplyvu. Poskytovate\u013e nenesie zodpovednos\u0165 za preru\u0161enia alebo nedostatky v poskytovan\u00ed slu\u017eieb, ktor\u00e9 vznikli v d\u00f4sledku neposkytnutia inform\u00e1ci\u00ed zo strany pou\u017e\u00edvate\u013ea.<\/p>\n<p>Poskytovate\u013e nezodpoved\u00e1 za v\u00fdpadky alebo poruchy, ktor\u00e9 boli sp\u00f4soben\u00e9 okolnos\u0165ami v sf\u00e9re zodpovednosti pou\u017e\u00edvate\u013ea.<\/p>\n<\/div>\n<\/div><\/div><\/div><\/div><\/div><div id=\"pg-262-6\"  class=\"panel-grid panel-no-style\" ><div id=\"pgc-262-6-0\"  class=\"panel-grid-cell\" ><div id=\"panel-262-6-0-0\" class=\"so-panel widget widget_ndm-headings panel-first-child\" data-index=\"11\" style=\"margin-bottom: px\" ><div\n\t\t\t\n\t\t\tclass=\"so-widget-ndm-headings so-widget-ndm-headings-default-d75171398898-262\"\n\t\t\t\n\t\t><h3 class=\"ndm-heading text-start text-darkblue mb-2\">6. Rie\u0161enie sporov a ukon\u010denie zmluvy<\/h3><\/div><\/div><div id=\"panel-262-6-0-1\" class=\"so-panel widget widget_sow-editor panel-last-child\" data-index=\"12\" ><div\n\t\t\t\n\t\t\tclass=\"so-widget-sow-editor so-widget-sow-editor-base\"\n\t\t\t\n\t\t>\n<div class=\"siteorigin-widget-tinymce textwidget\">\n\t<p>V pr\u00edpade sporov vypl\u00fdvaj\u00facich z tejto dohody sa zmluvn\u00e9 strany dohodli na v\u00fdlu\u010dnej pr\u00edslu\u0161nosti s\u00fadu so s\u00eddlom v Gy\u0151ri, pokia\u013e sa nepodar\u00ed dosiahnu\u0165 mimos\u00fadne rie\u0161enie.<\/p>\n<p>Zmluvn\u00e9 strany m\u00f4\u017eu t\u00fato dohodu kedyko\u013evek ukon\u010di\u0165 na z\u00e1klade vz\u00e1jomnej dohody.<\/p>\n<p>V ostatn\u00fdch pr\u00edpadoch sa na ukon\u010denie, zmenu alebo zru\u0161enie tejto dohody vz\u0165ahuj\u00fa ustanovenia ma\u010farsk\u00e9ho Ob\u010dianskeho z\u00e1konn\u00edka (z\u00e1kon \u010d. V z roku 2013).<\/p>\n<\/div>\n<\/div><\/div><\/div><\/div><\/div>","protected":false},"excerpt":{"rendered":"<p>Pou\u017e\u00edvanie softv\u00e9ru pou\u017e\u00edvate\u013eom sa pova\u017euje za automatick\u00fd s\u00fahlas s podmienkami a ustanoveniami tejto dohody. Pou\u017e\u00edvate\u013e je povinn\u00fd dodr\u017eiava\u0165 tieto podmienky po\u010das cel\u00e9ho obdobia pou\u017e\u00edvania softv\u00e9ru. T\u00e1to dohoda nadob\u00fada \u00fa\u010dinnos\u0165 d\u0148om jej podpisu oboma zmluvn\u00fdmi stranami. Dohoda zost\u00e1va v platnosti po\u010das trvania zmluvy o fyzickej str\u00e1\u017enej slu\u017ebe medzi poskytovate\u013eom a pou\u017e\u00edvate\u013eom. Po ukon\u010den\u00ed zmluvy m\u00e1 pou\u017e\u00edvate\u013e [&hellip;]<\/p>\n","protected":false},"author":2,"featured_media":0,"parent":0,"menu_order":99,"comment_status":"closed","ping_status":"closed","template":"fullwidth.php","meta":{"_acf_changed":false,"footnotes":""},"class_list":["post-262","page","type-page","status-publish","hentry"],"acf":[],"_links":{"self":[{"href":"https:\/\/patentgate.eu\/sk\/wp-json\/wp\/v2\/pages\/262","targetHints":{"allow":["GET"]}}],"collection":[{"href":"https:\/\/patentgate.eu\/sk\/wp-json\/wp\/v2\/pages"}],"about":[{"href":"https:\/\/patentgate.eu\/sk\/wp-json\/wp\/v2\/types\/page"}],"author":[{"embeddable":true,"href":"https:\/\/patentgate.eu\/sk\/wp-json\/wp\/v2\/users\/2"}],"replies":[{"embeddable":true,"href":"https:\/\/patentgate.eu\/sk\/wp-json\/wp\/v2\/comments?post=262"}],"version-history":[{"count":0,"href":"https:\/\/patentgate.eu\/sk\/wp-json\/wp\/v2\/pages\/262\/revisions"}],"wp:attachment":[{"href":"https:\/\/patentgate.eu\/sk\/wp-json\/wp\/v2\/media?parent=262"}],"curies":[{"name":"wp","href":"https:\/\/api.w.org\/{rel}","templated":true}]}}